{"id":22724,"date":"2018-05-25T10:37:14","date_gmt":"2018-05-25T08:37:14","guid":{"rendered":"http:\/\/www.gfh.no\/geosport\/?page_id=22724"},"modified":"2022-07-13T11:43:59","modified_gmt":"2022-07-13T09:43:59","slug":"sikkerhet-og-personvern","status":"publish","type":"page","link":"https:\/\/www.gfh.no\/geosport\/sikkerhet-og-personvern\/","title":{"rendered":"Sikkerhet og personvern"},"content":{"rendered":"<p style=\"text-align: center;\"><strong>Retningslinjer for bruk av data og personvern<\/strong><\/p>\n<p style=\"text-align: center;\"><strong>&#8211; GFH.no AS<\/strong><\/p>\n<ol>\n<li><strong> Generelt<\/strong><\/li>\n<\/ol>\n<p>Internettbutikken www.geosport.no er levert av selskapet GFH.no AS, Hamarvegen 288, 2406 Elverum. Organisasjonsnummer 911 856 808.<\/p>\n<ol start=\"2\">\n<li><strong> Personopplysninger<\/strong><\/li>\n<\/ol>\n<p><strong>2.1<\/strong> Vi bruker personopplysninger kun for \u00e5 kunne levere de avtalte tjenester. Vi vil under ingen omstendigheter gi tredjepart tilgang til din personlige informasjon til bruk i reklame eller for markedsf\u00f8ringsform\u00e5l eller til andre form\u00e5l som ikke er knyttet til v\u00e5r tjeneste.<\/p>\n<p><strong>2.2<\/strong> For \u00e5 kunne levere og fakturere tjenestene kan vi benytte tilknyttede selskaper og i den forbindelse dele n\u00f8dvendig informasjon for levering og fakturering.<\/p>\n<ol start=\"3\">\n<li><strong> Informasjonskapsler (cookies)<\/strong><\/li>\n<\/ol>\n<p><strong>3.1<\/strong> Informasjonskapsler er sm\u00e5 tekstfiler som lagres p\u00e5 din datamaskin. Informasjonskapsler benyttes av flere internettsider.<\/p>\n<p><strong>3.2<\/strong> Du kan hindre informasjonskapsler fra \u00e5 bli lagret p\u00e5 din datamaskin ved \u00e5 endre sikkerhetsinnstillingene i din nettleser. Dette kan imidlertid redusere funksjonaliteten til nettsidene.<\/p>\n<p><strong>3.3<\/strong> Den typen informasjonskapsler som benyttes er hovedsakelig sesjonsbaserte informasjonskapsler som slettes etter hver sesjon\/hvert bes\u00f8k.<\/p>\n<p>Google Analytics (et internettbasert analyseprogram) bruker ogs\u00e5 informasjonskapsler (jf. punkt 5 for detaljer).<\/p>\n<ol start=\"4\">\n<li><strong> Logg<\/strong><\/li>\n<\/ol>\n<p><strong>4.1<\/strong> Data vil bli lagret i en logg som angir hver brukerbevegelse p\u00e5 v\u00e5re websider samt alle filnedlastinger. Data lagres kun for interne systemrelaterte form\u00e5l og for statistiske form\u00e5l. For \u00e5 avverge internettangrep mot v\u00e5re systemer, og for feils\u00f8king, m\u00e5 vi lagre din IP-adresse. Slike data vil bli slettet s\u00e5 raskt som mulig, og senest innen syv dager. F\u00f8lgende data vil bli lagret ved hver filoverf\u00f8ring:<\/p>\n<p>&#8211; din IP adresse (som identifiserer din datamaskin) i loggfilen p\u00e5 serveren,<\/p>\n<p>&#8211; din eksterne vert (navn og IP-adresse til datamaskinen som ber om siden),<\/p>\n<p>&#8211; tidspunkt, status, mengde overf\u00f8rt data, og hvilken internettside du kom fra, samt produkt- og versjon informasjon om nettleseren som benyttes.<\/p>\n<p>Denne statistiske r\u00e5dataen vil bli slettet innen 60 dager.<\/p>\n<p><strong>4.2<\/strong> Loggdata gir oss mulighet til eksempelvis \u00e5 se hvilke dager og tidspunkt v\u00e5re internettsider er spesielt popul\u00e6re, og hvor mye datatrafikk som genereres. Loggfilen gir oss ogs\u00e5 mulighet til \u00e5 identifisere mulige feil, f.eks. defekte sidehenvisninger eller programmeringsfeil, og loggfilene vil s\u00e5ledes benyttes til \u00e5 videreutvikle v\u00e5re internettsider.\u00a0 Vi lagrer ikke informasjon som kobler informasjonen i serverloggen til spesifikke brukere. En kobling mot spesifikk IP-adresse vil kun lagres i tilfeller hvor det foreligger mistanke om misbruk.<\/p>\n<ol start=\"5\">\n<li><strong> Google Analytics<\/strong><\/li>\n<\/ol>\n<p>Vi bruker Google Analytics, en web-basert analysetjeneste fra Google Inc. Google Analytics bruker informasjonskapsler, som er sm\u00e5 tekstfiler som lagres p\u00e5 din datamaskin, og muliggj\u00f8r analyse av din bruk av internettsiden. Informasjonen om din bruk av nettsiden generert av informasjonskapslene (inkludert din IP-adresse) vil bli videresendt til en Google-server i USA og lagret der. Google bruker denne informasjonen til \u00e5 evaluere din bruk av nettsiden for \u00e5 sammenstille aktivitetsrapporter til operat\u00f8ren, og for \u00e5 tilby andre tjenester i forbindelse med bruk av nettsiden og internett. Google vil ogs\u00e5 dele denne informasjonen med tredjeparter i den grad det er p\u00e5lagt ved lov, eller der tredjeparter behandler informasjonen etter avtale med Google. Google vil under ingen omstendighet koble din IP-adresse med andre data. Du kan forhindre installering av informasjonskapsler ved \u00e5 justere innstillingene i din nettleser. Dette kan imidlertid redusere websidenes funksjonalitet. Ved \u00e5 bruke denne nettsiden, aksepterer du at Google behandler informasjonen relatert til din bruk, i samsvar med den metode og det form\u00e5l som beskrevet her. \u00a0Du kan deaktivere Google Analytics p\u00e5 adressen http:\/\/tools.google.com\/dlpage\/gaoptout.<\/p>\n<ol start=\"6\">\n<li><strong> Google Adwords Conversion Tracking<\/strong><\/li>\n<\/ol>\n<p>Denne nettsiden benytter Google AdWords Conversion Tracking, et internett analyseverkt\u00f8y fra Google Inc. (&laquo;Google&raquo;). Google AdWords Conversion Tracking benytter ogs\u00e5 informasjonskapsler, som er sm\u00e5 tekstfiler som lagres p\u00e5 din datamaskin, og muliggj\u00f8r analyse av din bruk av internettsiden. Informasjonen om din bruk av nettsiden vil bli videresendt til en Google-server i USA og lagret der. Google bruker denne informasjonen til \u00e5 evaluere din bruk av nettsiden for \u00e5 sammenstille aktivitetsrapporter til operat\u00f8ren, og for \u00e5 tilby andre tjenester i forbindelse med bruk av nettsiden og internett. Google vil ogs\u00e5 dele denne informasjonen med tredjeparter i den grad det er p\u00e5lagt ved lov, eller der tredjeparter behandler informasjonen etter avtale med Google. Du kan blokkere bruk av informasjonskapsler ved \u00e5 deaktivere lagring av informasjonskapsler (cookies) i din nettleser.<\/p>\n<ol start=\"7\">\n<li><strong> Datasikkerhet<\/strong><\/li>\n<\/ol>\n<p>All persondata som vi behandler, lagres hos v\u00e5re IT-driftsleverand\u00f8rer, og de er alltid lokalisert i land innenfor EU\/E\u00d8S.<\/p>\n<ol start=\"8\">\n<li><strong> Krav p\u00e5 informasjon<\/strong><\/li>\n<\/ol>\n<p>Vi gir deg midler til \u00e5 sikre at de personlige opplysningene dine er riktige og oppdaterte. Hvis du registrerer deg p\u00e5 v\u00e5r hjemmeside vil du ha full oversikt over personlige data og bestillinger til en hver tid. Du kan innhente denne informasjonen ved \u00e5 logge deg inn p\u00e5 din side, eller kontakte: GFH.no AS, Hamarvegen 288, 2406 Elverum. E-post: butikk@geosport.no<\/p>\n","protected":false},"excerpt":{"rendered":"<p>Retningslinjer for bruk av data og personvern &#8211; GFH.no AS Generelt Internettbutikken www.geosport.no er levert av selskapet GFH.no AS, Hamarvegen 288, 2406 Elverum. Organisasjonsnummer 911 856 808. Personopplysninger 2.1 Vi bruker personopplysninger kun for \u00e5 kunne levere de avtalte tjenester. &hellip; <a href=\"https:\/\/www.gfh.no\/geosport\/sikkerhet-og-personvern\/\">Les videre <span class=\"meta-nav\">&rarr;<\/span><\/a><\/p>\n","protected":false},"author":1,"featured_media":0,"parent":0,"menu_order":0,"comment_status":"closed","ping_status":"closed","template":"","meta":{"footnotes":""},"class_list":["post-22724","page","type-page","status-publish","hentry"],"_links":{"self":[{"href":"https:\/\/www.gfh.no\/geosport\/wp-json\/wp\/v2\/pages\/22724","targetHints":{"allow":["GET"]}}],"collection":[{"href":"https:\/\/www.gfh.no\/geosport\/wp-json\/wp\/v2\/pages"}],"about":[{"href":"https:\/\/www.gfh.no\/geosport\/wp-json\/wp\/v2\/types\/page"}],"author":[{"embeddable":true,"href":"https:\/\/www.gfh.no\/geosport\/wp-json\/wp\/v2\/users\/1"}],"replies":[{"embeddable":true,"href":"https:\/\/www.gfh.no\/geosport\/wp-json\/wp\/v2\/comments?post=22724"}],"version-history":[{"count":3,"href":"https:\/\/www.gfh.no\/geosport\/wp-json\/wp\/v2\/pages\/22724\/revisions"}],"predecessor-version":[{"id":26826,"href":"https:\/\/www.gfh.no\/geosport\/wp-json\/wp\/v2\/pages\/22724\/revisions\/26826"}],"wp:attachment":[{"href":"https:\/\/www.gfh.no\/geosport\/wp-json\/wp\/v2\/media?parent=22724"}],"curies":[{"name":"wp","href":"https:\/\/api.w.org\/{rel}","templated":true}]}}