{"id":306,"date":"2013-07-03T15:42:16","date_gmt":"2013-07-03T13:42:16","guid":{"rendered":"http:\/\/www.gfh.no\/geosport\/?page_id=306"},"modified":"2024-08-21T22:29:04","modified_gmt":"2024-08-21T20:29:04","slug":"betingelser","status":"publish","type":"page","link":"https:\/\/www.gfh.no\/geosport\/betingelser\/","title":{"rendered":"Betingelser"},"content":{"rendered":"<p><strong>Generelt<\/strong><br \/>\nDisse salgbetingelsene gjelder for alle salg av varer foretatt gjennom Geosport.no.<\/p>\n<p><strong>Priser<\/strong><br \/>\nAlle prisene p\u00e5 v\u00e5re nettsider er inkludert merverdiavgift. Frakt kommer i tillegg og vil fremkomme f\u00f8r bestilling foretas. Postens\u00a0portotakster (brev\/Norgespakke)\u00a0benyttes. Det er ikke sporingsmulighet p\u00e5 forsendelser sendt som brev.<\/p>\n<p><strong>Betaling<\/strong><br \/>\nVi benytter Pay Pal og man kan benytte VISA eller Mastercard og alle transaksjoner formidles via PayPal. (Du trenger ikke \u00e5 registrere deg hos PayPal.)<\/p>\n<p>Vi kan ogs\u00e5 tilby faktura, det kan da komme p\u00e5 fakturagebyr. Faktura kan velges under betaling n\u00e5r du sjekker ut av butikken. Varer vil ikke bli sendt f\u00f8r vi ser innbetalingen av fakturaen.<\/p>\n<p>For \u00e5 kunne handle hos oss m\u00e5 du ha fylt 18 \u00e5r. Er du under 18 \u00e5r m\u00e5 du f\u00e5 en person over 18 \u00e5r til \u00e5 foreta bestillingen for deg.<\/p>\n<p><strong>Ordrer:<\/strong> Mottatte ordrer som er betalt vil bli sendt fra oss 1 til 2 ganger i uken. N\u00e5r det gjelder kl\u00e6r og annen produksjon av eget design vil leveringstiden v\u00e6re lenger. Ta gjerne kontakt med oss p\u00e5 e-post om du har spesielle \u00f8nsker eller tilleggsinformasjon.<\/p>\n<p><strong>Garanti:<\/strong>\u00a0Det ytes garanti etter norsk forbrukerkj\u00f8pslov.<\/p>\n<p><strong>Angrerett:<\/strong>\u00a0Skulle du angre p\u00e5 ditt kj\u00f8p gjelder norsk lov om angrerett. Loven gjelder bare for forbrukerkj\u00f8p. Du m\u00e5 gi oss beskjed s\u00e5 raskt som mulig om du angrer p\u00e5 kj\u00f8pet. Send e-post til\u00a0<a href=\"mailto:butikk@geosport.no\">butikk @ geosport.no<\/a>\u00a0og send pakken i retur omg\u00e5ende. Angreretten gjelder ikke dersom varen ikke kan leveres tilbake i tiln\u00e6rmet samme stand og mengde eller er skadet eller forringelse som skyldes uaktsomhet eller manglende omsorg fra forbrukerens side. Du m\u00e5 selv dekke returkostnader. Dine kostnader med ordren eller varene vil i sin helhet bli refundert n\u00e5r returforsendelsen er mottatt og godkjent, dog ikke kostnader ved returforsendelsen. Du kan lese mer om<span style=\"line-height: 24px;\">\u00a0<\/span><a style=\"color: #ff4b33; line-height: 24px;\" href=\"https:\/\/www.stortinget.no\/no\/Saker-og-publikasjoner\/Publikasjoner\/Innstillinger\/Odelstinget\/2004-2005\/inno-200405-058\/5\/#a1\" target=\"_blank\" rel=\"noopener noreferrer\">angrerett p\u00e5 sidene til Barne og familiedepartementet.<\/a><\/p>\n<p><strong>Eiendomsforhold:<\/strong>\u00a0Levert vare forblir selgers eiendom inntil fullt oppgj\u00f8r er innfridd.<\/p>\n<p><strong>Geosport.no<\/strong>\u00a0er en del av GFH.no. Org. nr.\u00a0911856808 MVA<\/p>\n<p style=\"margin: 0cm 0cm 7.5pt 0cm;\"><strong><span style=\"font-size: 10.5pt; font-family: 'Arial',sans-serif; color: black;\">Retur av EE avfall<\/span><\/strong><\/p>\n<p style=\"font-variant-ligatures: normal; font-variant-caps: normal; orphans: 2; widows: 2; -webkit-text-stroke-width: 0px; text-decoration-style: initial; text-decoration-color: initial; word-spacing: 0px; margin: 0cm 0cm 7.5pt 0cm;\"><span style=\"font-size: 10.5pt; font-family: 'Arial',sans-serif; color: black;\">Elektronisk avfall skal ikke kastes sammen med annet avfall. Vi tar i mot elektrisk avfall ved levering direkte til v\u00e5rt lager gratis. Vi kan ta imot via post.<\/span><\/p>\n","protected":false},"excerpt":{"rendered":"<p>Generelt Disse salgbetingelsene gjelder for alle salg av varer foretatt gjennom Geosport.no. Priser Alle prisene p\u00e5 v\u00e5re nettsider er inkludert merverdiavgift. Frakt kommer i tillegg og vil fremkomme f\u00f8r bestilling foretas. Postens\u00a0portotakster (brev\/Norgespakke)\u00a0benyttes. Det er ikke sporingsmulighet p\u00e5 forsendelser sendt &hellip; <a href=\"https:\/\/www.gfh.no\/geosport\/betingelser\/\">Les videre <span class=\"meta-nav\">&rarr;<\/span><\/a><\/p>\n","protected":false},"author":1,"featured_media":0,"parent":0,"menu_order":0,"comment_status":"closed","ping_status":"closed","template":"onecolumn-page.php","meta":{"footnotes":""},"class_list":["post-306","page","type-page","status-publish","hentry"],"_links":{"self":[{"href":"https:\/\/www.gfh.no\/geosport\/wp-json\/wp\/v2\/pages\/306","targetHints":{"allow":["GET"]}}],"collection":[{"href":"https:\/\/www.gfh.no\/geosport\/wp-json\/wp\/v2\/pages"}],"about":[{"href":"https:\/\/www.gfh.no\/geosport\/wp-json\/wp\/v2\/types\/page"}],"author":[{"embeddable":true,"href":"https:\/\/www.gfh.no\/geosport\/wp-json\/wp\/v2\/users\/1"}],"replies":[{"embeddable":true,"href":"https:\/\/www.gfh.no\/geosport\/wp-json\/wp\/v2\/comments?post=306"}],"version-history":[{"count":9,"href":"https:\/\/www.gfh.no\/geosport\/wp-json\/wp\/v2\/pages\/306\/revisions"}],"predecessor-version":[{"id":27034,"href":"https:\/\/www.gfh.no\/geosport\/wp-json\/wp\/v2\/pages\/306\/revisions\/27034"}],"wp:attachment":[{"href":"https:\/\/www.gfh.no\/geosport\/wp-json\/wp\/v2\/media?parent=306"}],"curies":[{"name":"wp","href":"https:\/\/api.w.org\/{rel}","templated":true}]}}